{"id":324,"date":"2019-02-12T01:29:05","date_gmt":"2019-02-12T01:29:05","guid":{"rendered":"https:\/\/academy.evs.sk\/?page_id=324"},"modified":"2020-06-02T08:42:52","modified_gmt":"2020-06-02T06:42:52","slug":"my-account","status":"publish","type":"page","link":"https:\/\/academy.evs.sk\/?page_id=324","title":{"rendered":"My Account"},"content":{"rendered":"<section class=\"wp-block-uagb-columns uagb-columns__wrap uagb-columns__background-gradient uagb-columns__stack-mobile uagb-columns__valign-undefined uagb-columns__gap-10 alignundefined uagb-block-16c9138a-2973-4ba4-9f94-e32b770f4730\"><div class=\"uagb-columns__overlay\"><\/div><div class=\"uagb-columns__inner-wrap uagb-columns__columns-3\"><div class=\"wp-block-uagb-column uagb-column__wrap uagb-column__background-undefined uagb-block-5137d3c0-f274-450b-98be-cfbbbde3ab0d\"><div class=\"uagb-column__overlay\"><\/div><div class=\"uagb-column__inner-wrap\"><p><\/p><\/div><\/div>\n\n<div class=\"wp-block-uagb-column uagb-column__wrap uagb-column__background-undefined uagb-block-ac1574d8-16f9-4d5a-9de6-bac1ae2de0ac\"><div class=\"uagb-column__overlay\"><\/div><div class=\"uagb-column__inner-wrap\"><div class=\"wp-block-uagb-info-box uagb-infobox__outer-wrap uagb-block-58d8359f-ca0e-42bf-877f-aaeeb7350415\"><div class=\"uagb-infobox__content-wrap uagb-infobox uagb-infobox-has-icon uagb-infobox-icon-above-title uagb-infobox-image-valign-top uagb-infobox-enable-border-radius \"><div class=\"uagb-ifb-left-right-wrap\"><div class=\"uagb-ifb-content\"><div class=\"uagb-ifb-title-wrap\"><h1 class=\"uagb-ifb-title\">  M\u00f4j \u00fa\u010det    <\/h1><\/div><div class=\"uagb-ifb-text-wrap\"><\/div><\/div><\/div><\/div><\/div><\/div><\/div>\n\n<div class=\"wp-block-uagb-column uagb-column__wrap uagb-column__background-undefined uagb-block-60d8d37b-0157-45f3-a0ba-6e170a50efdf\"><div class=\"uagb-column__overlay\"><\/div><div class=\"uagb-column__inner-wrap\"><\/div><\/div><\/div><\/section><section class=\"wp-block-uagb-columns uagb-columns__wrap uagb-columns__background-color uagb-columns__stack-tablet uagb-columns__valign-undefined uagb-columns__gap-10 alignundefined uagb-block-adffa60e-fa06-4a50-adc2-fc67435d1376\"><div class=\"uagb-columns__overlay\"><\/div><div class=\"uagb-columns__inner-wrap uagb-columns__columns-3\"><div class=\"wp-block-uagb-column uagb-column__wrap uagb-column__background-undefined uagb-block-482c3955-8cf9-47f1-a8fa-915b2fe40401\"><div class=\"uagb-column__overlay\"><\/div><div class=\"uagb-column__inner-wrap\"><p><\/p><\/div><\/div>\n\n<div class=\"wp-block-uagb-column uagb-column__wrap uagb-column__background-undefined uagb-block-7083916c-4272-406e-9f09-152446fce4c1\"><div class=\"uagb-column__overlay\"><\/div><div class=\"uagb-column__inner-wrap\">\n\n<div style=\"height:60px\" aria-hidden=\"true\" class=\"wp-block-spacer\"><\/div>\n\n<div class=\"learndash-wrapper\"><a class=\"ld-login ld-login ld-login-text ld-login-button ld-button\" href=\"#login\"><span class=\"ld-icon ld-icon-login ld-icon-left\"><\/span>Login<\/a><\/div><\/div><\/div>\n\n<div class=\"wp-block-uagb-column uagb-column__wrap uagb-column__background-undefined uagb-block-2de89d2b-7b82-4c07-8afa-8d057c8e276a\"><div class=\"uagb-column__overlay\"><\/div><div class=\"uagb-column__inner-wrap\"><\/div><\/div><\/div><\/section><section class=\"wp-block-uagb-section uagb-section__wrap uagb-section__background-undefined uagb-block-b94f51b5-d90c-41f1-a800-0a87691eddee\"><div class=\"uagb-section__overlay\"><\/div><div class=\"uagb-section__inner-wrap\"><div class=\"wp-block-uagb-info-box uagb-infobox__outer-wrap uagb-block-3faa5441-0646-4126-b9da-acbf72e98ef2\"><div class=\"uagb-infobox__content-wrap uagb-infobox uagb-infobox-has-icon uagb-infobox-icon-above-title uagb-infobox-image-valign-top uagb-infobox-enable-border-radius \"><div class=\"uagb-ifb-left-right-wrap\"><div class=\"uagb-ifb-content\"><div class=\"uagb-ifb-title-wrap\"><h2 class=\"uagb-ifb-title\">Na\u0161e kurzy<\/h2><\/div><div class=\"uagb-ifb-text-wrap\"><\/div><\/div><\/div><\/div><\/div>\n\n<div style=\"height:60px\" aria-hidden=\"true\" class=\"wp-block-spacer\"><\/div>\n\n<div id=\"ld-course-list-content-c4556973bc2af538cafa19d9bc0a5522\" class=\"ld-course-list-content\" data-shortcode-atts=\"{&quot;categoryselector&quot;:&quot;true&quot;,&quot;progress_bar&quot;:&quot;true&quot;,&quot;order&quot;:&quot;asc&quot;}\">\n\t\t\t<div class=\"ld-course-list-items row\">\n\t<!-- LearnDash Course Grid v1 --><div class=\"ld_course_grid col-sm-8 col-md-4 \">\n\t<article id=\"post-25426\" class=\" thumbnail course post-25426 sfwd-courses type-sfwd-courses status-publish has-post-thumbnail hentry\">\n\t\t\t\t\t\t\t\t<div class=\"ribbon\">\n\t\t\t\tFree\t\t\t<\/div>\n\t\t\t\n\t\t\t\t\t\t<a href=\"https:\/\/academy.evs.sk\/?sfwd-courses=odolny-zivot\" rel=\"bookmark\">\n\t\t\t\t<img loading=\"lazy\" decoding=\"async\" width=\"300\" height=\"169\" src=\"https:\/\/academy.evs.sk\/wp-content\/uploads\/2020\/06\/evs-academy-01-300x169.jpg\" class=\"attachment-medium size-medium wp-post-image\" alt=\"\" srcset=\"https:\/\/academy.evs.sk\/wp-content\/uploads\/2020\/06\/evs-academy-01-300x169.jpg 300w, https:\/\/academy.evs.sk\/wp-content\/uploads\/2020\/06\/evs-academy-01-1024x576.jpg 1024w, https:\/\/academy.evs.sk\/wp-content\/uploads\/2020\/06\/evs-academy-01-768x432.jpg 768w, https:\/\/academy.evs.sk\/wp-content\/uploads\/2020\/06\/evs-academy-01-1536x864.jpg 1536w, https:\/\/academy.evs.sk\/wp-content\/uploads\/2020\/06\/evs-academy-01-400x225.jpg 400w, https:\/\/academy.evs.sk\/wp-content\/uploads\/2020\/06\/evs-academy-01-600x338.jpg 600w, https:\/\/academy.evs.sk\/wp-content\/uploads\/2020\/06\/evs-academy-01.jpg 1920w\" sizes=\"auto, (max-width: 300px) 100vw, 300px\" \/>\t\t\t<\/a>\n\t\t\t\t\t\n\t\t\t\t\t<div class=\"caption\">\n\t\t\t\t<h3 class=\"entry-title\">Odoln\u00fd \u017eivot<\/h3>\n\t\t\t\t\t\t\t\t<div class=\"ld_course_grid_button\"><a class=\"btn btn-primary\" role=\"button\" href=\"https:\/\/academy.evs.sk\/?sfwd-courses=odolny-zivot\" rel=\"bookmark\">Enroll Now<\/a><\/div>\n\t\t\t\t\t\t\t\t\t\t\t\t\t\t\t\t\t\t\t\t\t\t\t\t\t\t\t<\/div><!-- .entry-header -->\n\t\t\t<\/article><!-- #post-## -->\n<\/div><!-- .ld_course_grid -->\n<!-- LearnDash Course Grid v1 --><div class=\"ld_course_grid col-sm-8 col-md-4 \">\n\t<article id=\"post-25592\" class=\" thumbnail course post-25592 sfwd-courses type-sfwd-courses status-publish has-post-thumbnail hentry\">\n\t\t\t\t\t\t\t\t<div class=\"ribbon\">\n\t\t\t\tFree\t\t\t<\/div>\n\t\t\t\n\t\t\t\t\t\t<a href=\"https:\/\/academy.evs.sk\/?sfwd-courses=dobry-lider\" rel=\"bookmark\">\n\t\t\t\t<img loading=\"lazy\" decoding=\"async\" width=\"300\" height=\"169\" src=\"https:\/\/academy.evs.sk\/wp-content\/uploads\/2020\/06\/evs-academy-02-300x169.jpg\" class=\"attachment-medium size-medium wp-post-image\" alt=\"\" srcset=\"https:\/\/academy.evs.sk\/wp-content\/uploads\/2020\/06\/evs-academy-02-300x169.jpg 300w, https:\/\/academy.evs.sk\/wp-content\/uploads\/2020\/06\/evs-academy-02-1024x576.jpg 1024w, https:\/\/academy.evs.sk\/wp-content\/uploads\/2020\/06\/evs-academy-02-768x432.jpg 768w, https:\/\/academy.evs.sk\/wp-content\/uploads\/2020\/06\/evs-academy-02-1536x864.jpg 1536w, https:\/\/academy.evs.sk\/wp-content\/uploads\/2020\/06\/evs-academy-02-400x225.jpg 400w, https:\/\/academy.evs.sk\/wp-content\/uploads\/2020\/06\/evs-academy-02-600x338.jpg 600w, https:\/\/academy.evs.sk\/wp-content\/uploads\/2020\/06\/evs-academy-02.jpg 1920w\" sizes=\"auto, (max-width: 300px) 100vw, 300px\" \/>\t\t\t<\/a>\n\t\t\t\t\t\n\t\t\t\t\t<div class=\"caption\">\n\t\t\t\t<h3 class=\"entry-title\">Dobr\u00fd l\u00edder<\/h3>\n\t\t\t\t\t\t\t\t<div class=\"ld_course_grid_button\"><a class=\"btn btn-primary\" role=\"button\" href=\"https:\/\/academy.evs.sk\/?sfwd-courses=dobry-lider\" rel=\"bookmark\">Enroll Now<\/a><\/div>\n\t\t\t\t\t\t\t\t\t\t\t\t\t\t\t\t\t\t\t\t\t\t\t\t\t\t\t<\/div><!-- .entry-header -->\n\t\t\t<\/article><!-- #post-## -->\n<\/div><!-- .ld_course_grid -->\n\t<\/div>\n\t\t\t<\/div>\n\t\t\n\n<p><\/p><\/div><\/section>","protected":false},"excerpt":{"rendered":"","protected":false},"author":1,"featured_media":0,"parent":0,"menu_order":0,"comment_status":"closed","ping_status":"closed","template":"","meta":{"inline_featured_image":false,"_uag_custom_page_level_css":"","_monsterinsights_skip_tracking":false,"_monsterinsights_sitenote_active":false,"_monsterinsights_sitenote_note":"","_monsterinsights_sitenote_category":0,"site-sidebar-layout":"default","site-content-layout":"page-builder","ast-site-content-layout":"","site-content-style":"default","site-sidebar-style":"default","ast-global-header-display":"","ast-banner-title-visibility":"","ast-main-header-display":"","ast-hfb-above-header-display":"","ast-hfb-below-header-display":"","ast-hfb-mobile-header-display":"","site-post-title":"disabled","ast-breadcrumbs-content":"","ast-featured-img":"disabled","footer-sml-layout":"","theme-transparent-header-meta":"enabled","adv-header-id-meta":"","stick-header-meta":"","header-above-stick-meta":"","header-main-stick-meta":"","header-below-stick-meta":"","astra-migrate-meta-layouts":"default","ast-page-background-enabled":"default","ast-page-background-meta":{"desktop":{"background-color":"var(--ast-global-color-4)","background-image":"","background-repeat":"repeat","background-position":"center center","background-size":"auto","background-attachment":"scroll","background-type":"","background-media":"","overlay-type":"","overlay-color":"","overlay-opacity":"","overlay-gradient":""},"tablet":{"background-color":"","background-image":"","background-repeat":"repeat","background-position":"center center","background-size":"auto","background-attachment":"scroll","background-type":"","background-media":"","overlay-type":"","overlay-color":"","overlay-opacity":"","overlay-gradient":""},"mobile":{"background-color":"","background-image":"","background-repeat":"repeat","background-position":"center center","background-size":"auto","background-attachment":"scroll","background-type":"","background-media":"","overlay-type":"","overlay-color":"","overlay-opacity":"","overlay-gradient":""}},"ast-content-background-meta":{"desktop":{"background-color":"var(--ast-global-color-5)","background-image":"","background-repeat":"repeat","background-position":"center center","background-size":"auto","background-attachment":"scroll","background-type":"","background-media":"","overlay-type":"","overlay-color":"","overlay-opacity":"","overlay-gradient":""},"tablet":{"background-color":"var(--ast-global-color-5)","background-image":"","background-repeat":"repeat","background-position":"center center","background-size":"auto","background-attachment":"scroll","background-type":"","background-media":"","overlay-type":"","overlay-color":"","overlay-opacity":"","overlay-gradient":""},"mobile":{"background-color":"var(--ast-global-color-5)","background-image":"","background-repeat":"repeat","background-position":"center center","background-size":"auto","background-attachment":"scroll","background-type":"","background-media":"","overlay-type":"","overlay-color":"","overlay-opacity":"","overlay-gradient":""}},"footnotes":""},"class_list":["post-324","page","type-page","status-publish","hentry"],"yoast_head":"<!-- This site is optimized with the Yoast SEO plugin v25.1 - https:\/\/yoast.com\/wordpress\/plugins\/seo\/ -->\n<title>My Account - EVS akad\u00e9mia<\/title>\n<meta name=\"robots\" content=\"index, follow, max-snippet:-1, max-image-preview:large, max-video-preview:-1\" \/>\n<link rel=\"canonical\" href=\"https:\/\/academy.evs.sk\/?page_id=324\" \/>\n<meta property=\"og:locale\" content=\"sk_SK\" \/>\n<meta property=\"og:type\" content=\"article\" \/>\n<meta property=\"og:title\" content=\"My Account - EVS akad\u00e9mia\" \/>\n<meta property=\"og:url\" content=\"https:\/\/academy.evs.sk\/?page_id=324\" \/>\n<meta property=\"og:site_name\" content=\"EVS akad\u00e9mia\" \/>\n<meta property=\"article:modified_time\" content=\"2020-06-02T06:42:52+00:00\" \/>\n<meta name=\"twitter:card\" content=\"summary_large_image\" \/>\n<script type=\"application\/ld+json\" class=\"yoast-schema-graph\">{\"@context\":\"https:\/\/schema.org\",\"@graph\":[{\"@type\":\"WebPage\",\"@id\":\"https:\/\/academy.evs.sk\/?page_id=324\",\"url\":\"https:\/\/academy.evs.sk\/?page_id=324\",\"name\":\"My Account - EVS akad\u00e9mia\",\"isPartOf\":{\"@id\":\"https:\/\/academy.evs.sk\/#website\"},\"datePublished\":\"2019-02-12T01:29:05+00:00\",\"dateModified\":\"2020-06-02T06:42:52+00:00\",\"breadcrumb\":{\"@id\":\"https:\/\/academy.evs.sk\/?page_id=324#breadcrumb\"},\"inLanguage\":\"sk-SK\",\"potentialAction\":[{\"@type\":\"ReadAction\",\"target\":[\"https:\/\/academy.evs.sk\/?page_id=324\"]}]},{\"@type\":\"BreadcrumbList\",\"@id\":\"https:\/\/academy.evs.sk\/?page_id=324#breadcrumb\",\"itemListElement\":[{\"@type\":\"ListItem\",\"position\":1,\"name\":\"Home\",\"item\":\"https:\/\/academy.evs.sk\/\"},{\"@type\":\"ListItem\",\"position\":2,\"name\":\"My Account\"}]},{\"@type\":\"WebSite\",\"@id\":\"https:\/\/academy.evs.sk\/#website\",\"url\":\"https:\/\/academy.evs.sk\/\",\"name\":\"EVS akad\u00e9mia\",\"description\":\"Len \u010fal\u0161ia WordPress str\u00e1nka\",\"publisher\":{\"@id\":\"https:\/\/academy.evs.sk\/#organization\"},\"potentialAction\":[{\"@type\":\"SearchAction\",\"target\":{\"@type\":\"EntryPoint\",\"urlTemplate\":\"https:\/\/academy.evs.sk\/?s={search_term_string}\"},\"query-input\":{\"@type\":\"PropertyValueSpecification\",\"valueRequired\":true,\"valueName\":\"search_term_string\"}}],\"inLanguage\":\"sk-SK\"},{\"@type\":\"Organization\",\"@id\":\"https:\/\/academy.evs.sk\/#organization\",\"name\":\"EVS akad\u00e9mia\",\"url\":\"https:\/\/academy.evs.sk\/\",\"logo\":{\"@type\":\"ImageObject\",\"inLanguage\":\"sk-SK\",\"@id\":\"https:\/\/academy.evs.sk\/#\/schema\/logo\/image\/\",\"url\":\"https:\/\/academy.evs.sk\/wp-content\/uploads\/2020\/05\/ACADEMY-evs-logo-01.png\",\"contentUrl\":\"https:\/\/academy.evs.sk\/wp-content\/uploads\/2020\/05\/ACADEMY-evs-logo-01.png\",\"width\":125,\"height\":19,\"caption\":\"EVS akad\u00e9mia\"},\"image\":{\"@id\":\"https:\/\/academy.evs.sk\/#\/schema\/logo\/image\/\"}}]}<\/script>\n<!-- \/ Yoast SEO plugin. -->","yoast_head_json":{"title":"My Account - EVS akad\u00e9mia","robots":{"index":"index","follow":"follow","max-snippet":"max-snippet:-1","max-image-preview":"max-image-preview:large","max-video-preview":"max-video-preview:-1"},"canonical":"https:\/\/academy.evs.sk\/?page_id=324","og_locale":"sk_SK","og_type":"article","og_title":"My Account - EVS akad\u00e9mia","og_url":"https:\/\/academy.evs.sk\/?page_id=324","og_site_name":"EVS akad\u00e9mia","article_modified_time":"2020-06-02T06:42:52+00:00","twitter_card":"summary_large_image","schema":{"@context":"https:\/\/schema.org","@graph":[{"@type":"WebPage","@id":"https:\/\/academy.evs.sk\/?page_id=324","url":"https:\/\/academy.evs.sk\/?page_id=324","name":"My Account - EVS akad\u00e9mia","isPartOf":{"@id":"https:\/\/academy.evs.sk\/#website"},"datePublished":"2019-02-12T01:29:05+00:00","dateModified":"2020-06-02T06:42:52+00:00","breadcrumb":{"@id":"https:\/\/academy.evs.sk\/?page_id=324#breadcrumb"},"inLanguage":"sk-SK","potentialAction":[{"@type":"ReadAction","target":["https:\/\/academy.evs.sk\/?page_id=324"]}]},{"@type":"BreadcrumbList","@id":"https:\/\/academy.evs.sk\/?page_id=324#breadcrumb","itemListElement":[{"@type":"ListItem","position":1,"name":"Home","item":"https:\/\/academy.evs.sk\/"},{"@type":"ListItem","position":2,"name":"My Account"}]},{"@type":"WebSite","@id":"https:\/\/academy.evs.sk\/#website","url":"https:\/\/academy.evs.sk\/","name":"EVS akad\u00e9mia","description":"Len \u010fal\u0161ia WordPress str\u00e1nka","publisher":{"@id":"https:\/\/academy.evs.sk\/#organization"},"potentialAction":[{"@type":"SearchAction","target":{"@type":"EntryPoint","urlTemplate":"https:\/\/academy.evs.sk\/?s={search_term_string}"},"query-input":{"@type":"PropertyValueSpecification","valueRequired":true,"valueName":"search_term_string"}}],"inLanguage":"sk-SK"},{"@type":"Organization","@id":"https:\/\/academy.evs.sk\/#organization","name":"EVS akad\u00e9mia","url":"https:\/\/academy.evs.sk\/","logo":{"@type":"ImageObject","inLanguage":"sk-SK","@id":"https:\/\/academy.evs.sk\/#\/schema\/logo\/image\/","url":"https:\/\/academy.evs.sk\/wp-content\/uploads\/2020\/05\/ACADEMY-evs-logo-01.png","contentUrl":"https:\/\/academy.evs.sk\/wp-content\/uploads\/2020\/05\/ACADEMY-evs-logo-01.png","width":125,"height":19,"caption":"EVS akad\u00e9mia"},"image":{"@id":"https:\/\/academy.evs.sk\/#\/schema\/logo\/image\/"}}]}},"uagb_featured_image_src":{"full":false,"thumbnail":false,"medium":false,"medium_large":false,"large":false,"1536x1536":false,"2048x2048":false,"woocommerce_thumbnail":false,"woocommerce_single":false,"woocommerce_gallery_thumbnail":false},"uagb_author_info":{"display_name":"admin","author_link":"https:\/\/academy.evs.sk\/?author=1"},"uagb_comment_info":0,"uagb_excerpt":null,"_links":{"self":[{"href":"https:\/\/academy.evs.sk\/index.php?rest_route=\/wp\/v2\/pages\/324","targetHints":{"allow":["GET"]}}],"collection":[{"href":"https:\/\/academy.evs.sk\/index.php?rest_route=\/wp\/v2\/pages"}],"about":[{"href":"https:\/\/academy.evs.sk\/index.php?rest_route=\/wp\/v2\/types\/page"}],"author":[{"embeddable":true,"href":"https:\/\/academy.evs.sk\/index.php?rest_route=\/wp\/v2\/users\/1"}],"replies":[{"embeddable":true,"href":"https:\/\/academy.evs.sk\/index.php?rest_route=%2Fwp%2Fv2%2Fcomments&post=324"}],"version-history":[{"count":3,"href":"https:\/\/academy.evs.sk\/index.php?rest_route=\/wp\/v2\/pages\/324\/revisions"}],"predecessor-version":[{"id":25762,"href":"https:\/\/academy.evs.sk\/index.php?rest_route=\/wp\/v2\/pages\/324\/revisions\/25762"}],"wp:attachment":[{"href":"https:\/\/academy.evs.sk\/index.php?rest_route=%2Fwp%2Fv2%2Fmedia&parent=324"}],"curies":[{"name":"wp","href":"https:\/\/api.w.org\/{rel}","templated":true}]}}