{"id":17,"date":"2018-11-19T19:50:38","date_gmt":"2018-11-19T18:50:38","guid":{"rendered":"https:\/\/academy.evs.sk\/?page_id=17"},"modified":"2020-06-03T14:30:39","modified_gmt":"2020-06-03T12:30:39","slug":"home","status":"publish","type":"page","link":"https:\/\/academy.evs.sk\/","title":{"rendered":"EVS Academy"},"content":{"rendered":"<section class=\"wp-block-uagb-section uagb-section__wrap uagb-section__background-image uagb-block-666b6587-0656-46a3-9092-cdc6ed6130dd\"><div class=\"uagb-section__overlay\"><\/div><div class=\"uagb-section__inner-wrap\"><section class=\"wp-block-uagb-columns uagb-columns__wrap uagb-columns__background-undefined uagb-columns__stack-mobile uagb-columns__valign-center uagb-columns__gap-10 alignundefined uagb-block-b9d1dc55-58a5-44d2-b000-8b2bdb752aec\"><div class=\"uagb-columns__overlay\"><\/div><div class=\"uagb-columns__inner-wrap uagb-columns__columns-3\"><div class=\"wp-block-uagb-column uagb-column__wrap uagb-column__background-undefined uagb-block-102e4fef-d32a-4f2d-8c10-fb0088caff6e\"><div class=\"uagb-column__overlay\"><\/div><div class=\"uagb-column__inner-wrap\"><p><\/p><\/div><\/div>\n\n<div class=\"wp-block-uagb-column uagb-column__wrap uagb-column__background-undefined uagb-block-64c7be5a-4d25-4004-9048-221075528789\"><div class=\"uagb-column__overlay\"><\/div><div class=\"uagb-column__inner-wrap\"><iframe loading=\"lazy\" width=\"100%\" height=\"490px\" src=\"https:\/\/www.youtube.com\/embed\/tnHkavVsM7k\" frameborder=\"0\" allow=\"accelerometer; autoplay; encrypted-media; gyroscope; picture-in-picture\" allowfullscreen=\"\"><\/iframe><\/div><\/div>\n\n<div class=\"wp-block-uagb-column uagb-column__wrap uagb-column__background-undefined uagb-block-75833dcf-064a-4a40-beb1-c6e08ccde67e\"><div class=\"uagb-column__overlay\"><\/div><div class=\"uagb-column__inner-wrap\"><\/div><\/div><\/div><\/section>\n\n<div class=\"wp-block-uagb-info-box uagb-infobox__outer-wrap uagb-block-40379f41-a6b9-44a7-aeb0-90fc61a3af92\"><div class=\"uagb-infobox__content-wrap uagb-infobox uagb-infobox-has-icon uagb-infobox-icon-above-title uagb-infobox-image-valign-top uagb-infobox-enable-border-radius \"><div class=\"uagb-ifb-left-right-wrap\"><div class=\"uagb-ifb-content\"><div class=\"uagb-ifb-title-wrap\"><h2 class=\"uagb-ifb-title\">Vitajte na EVS Academy!<\/h2><\/div><div class=\"uagb-ifb-text-wrap\"><p class=\"uagb-ifb-desc\"> Prezrite si ponuku na\u0161ich kurzov a z\u00edskajte komplexnej\u0161\u00ed poh\u013ead, zru\u010dnosti a pomocn\u00e9 n\u00e1stroje pre svoj \u017eivot.<\/p><div class=\"uagb-ifb-cta uagb-infobox-cta-link-style\"><div class=\"uagb-ifb-button-wrapper\"><a href=\"#\" class=\"uagb-infobox-cta-link uagb-ifb-cta-button\" target=\"_self\" rel=\"noopener noreferrer\"><span class=\"uagb-ifb-cta-content-wrapper\"><span class=\"uagb-inline-editing \">Prezrie\u0165 si kurzy<\/span><\/span><\/a><\/div><\/div><\/div><\/div><\/div><\/div><\/div><\/div><\/section><section class=\"wp-block-uagb-columns uagb-columns__wrap uagb-columns__background-color uagb-columns__stack-mobile uagb-columns__valign-undefined uagb-columns__gap-10 alignundefined uagb-block-1bb66af8-70a3-487a-86bb-86facc1d3978\"><div class=\"uagb-columns__overlay\"><\/div><div class=\"uagb-columns__inner-wrap uagb-columns__columns-3\"><div class=\"wp-block-uagb-column uagb-column__wrap uagb-column__background-color uagb-block-a2057350-d7d5-4b96-bd7e-45dfbe2ac64e\"><div class=\"uagb-column__overlay\"><\/div><div class=\"uagb-column__inner-wrap\"><div class=\"wp-block-uagb-info-box uagb-infobox__outer-wrap uagb-block-d7776d57-2a52-47f2-b345-6d2493f5785b\"><div class=\"uagb-infobox__content-wrap uagb-infobox uagb-infobox-has-icon uagb-infobox-icon-above-title uagb-infobox-image-valign-top uagb-infobox-enable-border-radius \"><div class=\"uagb-ifb-left-right-wrap\"><div class=\"uagb-ifb-content\"><div class=\"uagb-ifb-image-icon-content uagb-ifb-imgicon-wrap\"><div class=\"uagb-ifb-icon-wrap\"><span class=\"uagb-ifb-icon\"><svg xmlns=\"http:\/\/www.w3.org\/2000\/svg\" viewbox=\"0 0 512 512\"><path d=\"M249.429 211.436c0 31.716-27.715 57.717-61.717 57.717-34.001 0-61.716-26.001-61.716-57.717 0-32.001 27.715-57.716 61.716-57.716 34.001 0 61.717 25.715 61.717 57.716zm254.294 50.002c-18.286 22.573-53.144 50.288-106.289 72.003C453.722 525.163 260 555.735 263.143 457.446c0 1.714-.286-52.859-.286-93.432-4.285-.858-8.571-2-13.714-3.143 0 40.858-.286 98.289-.286 96.575C252 555.735 58.278 525.163 114.566 333.441c-53.145-21.715-88.003-49.43-106.29-72.003-9.143-13.714.858-28.287 16.001-17.715 2 1.428 4.285 2.857 6.285 4.285V49.716C30.563 22.287 51.135 0 76.565 0h359.157c25.429 0 46.002 22.287 46.002 49.716v198.293l6-4.285c15.143-10.573 25.143 4 15.999 17.714zm-46.572-189.15c0-32.858-10.572-45.716-40.859-45.716H98.566c-31.716 0-40.573 10.858-40.573 45.716v192.293c67.717 35.43 125.72 29.144 157.435 28.001 13.429-.286 22.001 2.286 27.144 7.715 1.689 1.687 10.023 9.446 20.287 17.143 1.143-15.715 10.001-25.715 33.716-24.858 32.287 1.428 91.718 7.715 160.577-29.716V72.288zM331.146 153.72c-34.002 0-61.716 25.715-61.716 57.716 0 31.716 27.715 57.717 61.716 57.717 34.287 0 61.716-26.001 61.716-57.717 0-32.001-27.429-57.716-61.716-57.716z\"><\/path><\/svg><\/span><\/div><\/div><div class=\"uagb-ifb-title-wrap\"><h3 class=\"uagb-ifb-title\"> Dvojf\u00e1zov\u00fd Tr\u00e9ning <\/h3><\/div><div class=\"uagb-ifb-text-wrap\"><p class=\"uagb-ifb-desc\">U\u010d\u00edme sa nielen po\u010d\u00favan\u00edm, ale aj vypracov\u00e1van\u00edm workbookov<\/p><\/div><\/div><\/div><\/div><\/div><\/div><\/div>\n\n<div class=\"wp-block-uagb-column uagb-column__wrap uagb-column__background-color uagb-block-e9877a50-e996-47c1-9df1-dab29fa6ed24\"><div class=\"uagb-column__overlay\"><\/div><div class=\"uagb-column__inner-wrap\"><div class=\"wp-block-uagb-info-box uagb-infobox__outer-wrap uagb-block-8ec6a6a8-715e-40fd-abab-e9c0992642aa\"><div class=\"uagb-infobox__content-wrap uagb-infobox uagb-infobox-has-icon uagb-infobox-icon-above-title uagb-infobox-image-valign-top uagb-infobox-enable-border-radius \"><div class=\"uagb-ifb-left-right-wrap\"><div class=\"uagb-ifb-content\"><div class=\"uagb-ifb-image-icon-content uagb-ifb-imgicon-wrap\"><div class=\"uagb-ifb-icon-wrap\"><span class=\"uagb-ifb-icon\"><svg xmlns=\"http:\/\/www.w3.org\/2000\/svg\" viewbox=\"0 0 576 512\"><path d=\"M519.442 288.651c-41.519 0-59.5 31.593-82.058 31.593C377.409 320.244 432 144 432 144s-196.288 80-196.288-3.297c0-35.827 36.288-46.25 36.288-85.985C272 19.216 243.885 0 210.539 0c-34.654 0-66.366 18.891-66.366 56.346 0 41.364 31.711 59.277 31.711 81.75C175.885 207.719 0 166.758 0 166.758v333.237s178.635 41.047 178.635-28.662c0-22.473-40-40.107-40-81.471 0-37.456 29.25-56.346 63.577-56.346 33.673 0 61.788 19.216 61.788 54.717 0 39.735-36.288 50.158-36.288 85.985 0 60.803 129.675 25.73 181.23 25.73 0 0-34.725-120.101 25.827-120.101 35.962 0 46.423 36.152 86.308 36.152C556.712 416 576 387.99 576 354.443c0-34.199-18.962-65.792-56.558-65.792z\"><\/path><\/svg><\/span><\/div><\/div><div class=\"uagb-ifb-title-wrap\"><h3 class=\"uagb-ifb-title\"> Zauj\u00edmav\u00e9 t\u00e9my <\/h3><\/div><div class=\"uagb-ifb-text-wrap\"><p class=\"uagb-ifb-desc\">\u017divot je komplexn\u00fd a pr\u00edli\u0161 zlo\u017eit\u00fd na to, aby sme o \u0148om prem\u00fd\u0161\u013eali plytko.<\/p><\/div><\/div><\/div><\/div><\/div><\/div><\/div>\n\n<div class=\"wp-block-uagb-column uagb-column__wrap uagb-column__background-color uagb-block-a92b7d00-3a3a-4d2f-bf80-2738e4952f47\"><div class=\"uagb-column__overlay\"><\/div><div class=\"uagb-column__inner-wrap\"><div class=\"wp-block-uagb-info-box uagb-infobox__outer-wrap uagb-block-2258ae9b-78e2-45a0-b37e-08d16e33e5ef\"><div class=\"uagb-infobox__content-wrap uagb-infobox uagb-infobox-has-icon uagb-infobox-icon-above-title uagb-infobox-image-valign-top uagb-infobox-enable-border-radius \"><div class=\"uagb-ifb-left-right-wrap\"><div class=\"uagb-ifb-content\"><div class=\"uagb-ifb-image-icon-content uagb-ifb-imgicon-wrap\"><div class=\"uagb-ifb-icon-wrap\"><span class=\"uagb-ifb-icon\"><svg xmlns=\"http:\/\/www.w3.org\/2000\/svg\" viewbox=\"0 0 512 512\"><path d=\"M239.1 6.3l-208 78c-18.7 7-31.1 25-31.1 45v225.1c0 18.2 10.3 34.8 26.5 42.9l208 104c13.5 6.8 29.4 6.8 42.9 0l208-104c16.3-8.1 26.5-24.8 26.5-42.9V129.3c0-20-12.4-37.9-31.1-44.9l-208-78C262 2.2 250 2.2 239.1 6.3zM256 68.4l192 72v1.1l-192 78-192-78v-1.1l192-72zm32 356V275.5l160-65v133.9l-160 80z\"><\/path><\/svg><\/span><\/div><\/div><div class=\"uagb-ifb-title-wrap\"><h3 class=\"uagb-ifb-title\">  Pr\u00e9miov\u00fd Materi\u00e1l<\/h3><\/div><div class=\"uagb-ifb-text-wrap\"><p class=\"uagb-ifb-desc\">Z\u00edskajte pr\u00edstup k vide\u00e1m a workbookom, ktor\u00e9 patria pod medzin\u00e1rodn\u00fa licenciu spolo\u010dnosti Xpand.<\/p><\/div><\/div><\/div><\/div><\/div><\/div><\/div><\/div><\/section><section class=\"wp-block-uagb-columns uagb-columns__wrap uagb-columns__background-undefined uagb-columns__stack-mobile uagb-columns__valign-undefined uagb-columns__gap-10 alignundefined uagb-block-700c7ebc-f693-4ce7-9ae3-f064fb92aae5\"><div class=\"uagb-columns__overlay\"><\/div><div class=\"uagb-columns__inner-wrap uagb-columns__columns-3\"><div class=\"wp-block-uagb-column uagb-column__wrap uagb-column__background-undefined uagb-block-907b1c3b-b1cf-4f37-a004-5d506b48f40d\"><div class=\"uagb-column__overlay\"><\/div><div class=\"uagb-column__inner-wrap\"><p><\/p><\/div><\/div>\n\n<div class=\"wp-block-uagb-column uagb-column__wrap uagb-column__background-undefined uagb-block-17228338-f32d-4f3a-8e91-6a15b7e9252c\"><div class=\"uagb-column__overlay\"><\/div><div class=\"uagb-column__inner-wrap\"><div class=\"wp-block-uagb-info-box uagb-infobox__outer-wrap uagb-block-1ab96407-c23e-411c-956c-5eaaa5c3a984\"><div class=\"uagb-infobox__content-wrap uagb-infobox uagb-infobox-has-icon uagb-infobox-icon-above-title uagb-infobox-image-valign-top uagb-infobox-enable-border-radius \"><div class=\"uagb-ifb-left-right-wrap\"><div class=\"uagb-ifb-content\"><div class=\"uagb-ifb-title-wrap\"><h2 class=\"uagb-ifb-title\"> Na\u0161e kurzy<\/h2><\/div><div class=\"uagb-ifb-text-wrap\"><p class=\"uagb-ifb-desc\"><br>Pon\u00fakame v\u00e1m na v\u00fdber dva kvalitn\u00e9 kurzy, ktor\u00e9 v\u00e1m pom\u00f4\u017eu by\u0165 lep\u0161\u00edm l\u00eddrom a pom\u00f4\u017eu v\u00e1m nastavi\u0165 si \u017eivot tak, aby ste v \u0165a\u017ek\u00fdch \u017eivotn\u00fdch situ\u00e1ciach\u00a0boli odolnej\u0161\u00edm \u010dlovekom.\u00a0<\/p><\/div><\/div><\/div><\/div><\/div><\/div><\/div>\n\n<div class=\"wp-block-uagb-column uagb-column__wrap uagb-column__background-undefined uagb-block-81f4dac4-85d6-497c-aaa6-c7423051d020\"><div class=\"uagb-column__overlay\"><\/div><div class=\"uagb-column__inner-wrap\"><\/div><\/div><\/div><\/section><section class=\"wp-block-uagb-columns uagb-columns__wrap uagb-columns__background-undefined uagb-columns__stack-mobile uagb-columns__valign-undefined uagb-columns__gap-10 alignundefined uagb-block-fdd29ad7-4c90-4efe-b5af-c650ec7cfe61\"><div class=\"uagb-columns__overlay\"><\/div><div class=\"uagb-columns__inner-wrap uagb-columns__columns-1\"><div class=\"wp-block-uagb-column uagb-column__wrap uagb-column__background-undefined uagb-block-628cdd7f-5592-4151-a503-c04b103858fc\"><div class=\"uagb-column__overlay\"><\/div><div class=\"uagb-column__inner-wrap\"><div class=\"learndash-wrap\"><div id=\"ld-course-list-content-a40675790927e035f19c24559543d191\" class=\"ld-course-list-content\" data-shortcode-atts=\"{&quot;course_grid&quot;:&quot;true&quot;}\">\n\t\t\t<div class=\"ld-course-list-items row\">\n\t<!-- LearnDash Course Grid v1 --><div class=\"ld_course_grid col-sm-8 col-md-4 \">\n\t<article id=\"post-25592\" class=\" thumbnail course post-25592 sfwd-courses type-sfwd-courses status-publish has-post-thumbnail hentry\">\n\t\t\t\t\t\t\t\t<div class=\"ribbon\">\n\t\t\t\tFree\t\t\t<\/div>\n\t\t\t\n\t\t\t\t\t\t<a href=\"https:\/\/academy.evs.sk\/?sfwd-courses=dobry-lider\" rel=\"bookmark\">\n\t\t\t\t<img loading=\"lazy\" decoding=\"async\" width=\"300\" height=\"169\" src=\"https:\/\/academy.evs.sk\/wp-content\/uploads\/2020\/06\/evs-academy-02-300x169.jpg\" class=\"attachment-medium size-medium wp-post-image\" alt=\"\" srcset=\"https:\/\/academy.evs.sk\/wp-content\/uploads\/2020\/06\/evs-academy-02-300x169.jpg 300w, https:\/\/academy.evs.sk\/wp-content\/uploads\/2020\/06\/evs-academy-02-1024x576.jpg 1024w, https:\/\/academy.evs.sk\/wp-content\/uploads\/2020\/06\/evs-academy-02-768x432.jpg 768w, https:\/\/academy.evs.sk\/wp-content\/uploads\/2020\/06\/evs-academy-02-1536x864.jpg 1536w, https:\/\/academy.evs.sk\/wp-content\/uploads\/2020\/06\/evs-academy-02-400x225.jpg 400w, https:\/\/academy.evs.sk\/wp-content\/uploads\/2020\/06\/evs-academy-02-600x338.jpg 600w, https:\/\/academy.evs.sk\/wp-content\/uploads\/2020\/06\/evs-academy-02.jpg 1920w\" sizes=\"auto, (max-width: 300px) 100vw, 300px\" \/>\t\t\t<\/a>\n\t\t\t\t\t\n\t\t\t\t\t<div class=\"caption\">\n\t\t\t\t<h3 class=\"entry-title\">Dobr\u00fd l\u00edder<\/h3>\n\t\t\t\t\t\t\t\t<div class=\"ld_course_grid_button\"><a class=\"btn btn-primary\" role=\"button\" href=\"https:\/\/academy.evs.sk\/?sfwd-courses=dobry-lider\" rel=\"bookmark\">Enroll Now<\/a><\/div>\n\t\t\t\t\t\t\t<\/div><!-- .entry-header -->\n\t\t\t<\/article><!-- #post-## -->\n<\/div><!-- .ld_course_grid -->\n<!-- LearnDash Course Grid v1 --><div class=\"ld_course_grid col-sm-8 col-md-4 \">\n\t<article id=\"post-25426\" class=\" thumbnail course post-25426 sfwd-courses type-sfwd-courses status-publish has-post-thumbnail hentry\">\n\t\t\t\t\t\t\t\t<div class=\"ribbon\">\n\t\t\t\tFree\t\t\t<\/div>\n\t\t\t\n\t\t\t\t\t\t<a href=\"https:\/\/academy.evs.sk\/?sfwd-courses=odolny-zivot\" rel=\"bookmark\">\n\t\t\t\t<img loading=\"lazy\" decoding=\"async\" width=\"300\" height=\"169\" src=\"https:\/\/academy.evs.sk\/wp-content\/uploads\/2020\/06\/evs-academy-01-300x169.jpg\" class=\"attachment-medium size-medium wp-post-image\" alt=\"\" srcset=\"https:\/\/academy.evs.sk\/wp-content\/uploads\/2020\/06\/evs-academy-01-300x169.jpg 300w, https:\/\/academy.evs.sk\/wp-content\/uploads\/2020\/06\/evs-academy-01-1024x576.jpg 1024w, https:\/\/academy.evs.sk\/wp-content\/uploads\/2020\/06\/evs-academy-01-768x432.jpg 768w, https:\/\/academy.evs.sk\/wp-content\/uploads\/2020\/06\/evs-academy-01-1536x864.jpg 1536w, https:\/\/academy.evs.sk\/wp-content\/uploads\/2020\/06\/evs-academy-01-400x225.jpg 400w, https:\/\/academy.evs.sk\/wp-content\/uploads\/2020\/06\/evs-academy-01-600x338.jpg 600w, https:\/\/academy.evs.sk\/wp-content\/uploads\/2020\/06\/evs-academy-01.jpg 1920w\" sizes=\"auto, (max-width: 300px) 100vw, 300px\" \/>\t\t\t<\/a>\n\t\t\t\t\t\n\t\t\t\t\t<div class=\"caption\">\n\t\t\t\t<h3 class=\"entry-title\">Odoln\u00fd \u017eivot<\/h3>\n\t\t\t\t\t\t\t\t<div class=\"ld_course_grid_button\"><a class=\"btn btn-primary\" role=\"button\" href=\"https:\/\/academy.evs.sk\/?sfwd-courses=odolny-zivot\" rel=\"bookmark\">Enroll Now<\/a><\/div>\n\t\t\t\t\t\t\t<\/div><!-- .entry-header -->\n\t\t\t<\/article><!-- #post-## -->\n<\/div><!-- .ld_course_grid -->\n\t<\/div>\n\t\t\t<\/div>\n\t\t<\/div><\/div><\/div><\/div><\/section>","protected":false},"excerpt":{"rendered":"","protected":false},"author":1,"featured_media":0,"parent":0,"menu_order":0,"comment_status":"closed","ping_status":"closed","template":"","meta":{"inline_featured_image":false,"_uag_custom_page_level_css":"","_monsterinsights_skip_tracking":false,"_monsterinsights_sitenote_active":false,"_monsterinsights_sitenote_note":"","_monsterinsights_sitenote_category":0,"site-sidebar-layout":"no-sidebar","site-content-layout":"page-builder","ast-site-content-layout":"","site-content-style":"default","site-sidebar-style":"default","ast-global-header-display":"","ast-banner-title-visibility":"","ast-main-header-display":"","ast-hfb-above-header-display":"","ast-hfb-below-header-display":"","ast-hfb-mobile-header-display":"","site-post-title":"disabled","ast-breadcrumbs-content":"","ast-featured-img":"disabled","footer-sml-layout":"","theme-transparent-header-meta":"enabled","adv-header-id-meta":"","stick-header-meta":"","header-above-stick-meta":"","header-main-stick-meta":"","header-below-stick-meta":"","astra-migrate-meta-layouts":"default","ast-page-background-enabled":"default","ast-page-background-meta":{"desktop":{"background-color":"var(--ast-global-color-4)","background-image":"","background-repeat":"repeat","background-position":"center center","background-size":"auto","background-attachment":"scroll","background-type":"","background-media":"","overlay-type":"","overlay-color":"","overlay-opacity":"","overlay-gradient":""},"tablet":{"background-color":"","background-image":"","background-repeat":"repeat","background-position":"center center","background-size":"auto","background-attachment":"scroll","background-type":"","background-media":"","overlay-type":"","overlay-color":"","overlay-opacity":"","overlay-gradient":""},"mobile":{"background-color":"","background-image":"","background-repeat":"repeat","background-position":"center center","background-size":"auto","background-attachment":"scroll","background-type":"","background-media":"","overlay-type":"","overlay-color":"","overlay-opacity":"","overlay-gradient":""}},"ast-content-background-meta":{"desktop":{"background-color":"var(--ast-global-color-5)","background-image":"","background-repeat":"repeat","background-position":"center center","background-size":"auto","background-attachment":"scroll","background-type":"","background-media":"","overlay-type":"","overlay-color":"","overlay-opacity":"","overlay-gradient":""},"tablet":{"background-color":"var(--ast-global-color-5)","background-image":"","background-repeat":"repeat","background-position":"center center","background-size":"auto","background-attachment":"scroll","background-type":"","background-media":"","overlay-type":"","overlay-color":"","overlay-opacity":"","overlay-gradient":""},"mobile":{"background-color":"var(--ast-global-color-5)","background-image":"","background-repeat":"repeat","background-position":"center center","background-size":"auto","background-attachment":"scroll","background-type":"","background-media":"","overlay-type":"","overlay-color":"","overlay-opacity":"","overlay-gradient":""}},"footnotes":""},"class_list":["post-17","page","type-page","status-publish","hentry"],"yoast_head":"<!-- This site is optimized with the Yoast SEO plugin v25.1 - https:\/\/yoast.com\/wordpress\/plugins\/seo\/ -->\n<title>EVS Academy - EVS akad\u00e9mia<\/title>\n<meta name=\"robots\" content=\"index, follow, max-snippet:-1, max-image-preview:large, max-video-preview:-1\" \/>\n<link rel=\"canonical\" href=\"https:\/\/academy.evs.sk\/\" \/>\n<meta property=\"og:locale\" content=\"sk_SK\" \/>\n<meta property=\"og:type\" content=\"article\" \/>\n<meta property=\"og:title\" content=\"EVS Academy - EVS akad\u00e9mia\" \/>\n<meta property=\"og:url\" content=\"https:\/\/academy.evs.sk\/\" \/>\n<meta property=\"og:site_name\" content=\"EVS akad\u00e9mia\" \/>\n<meta property=\"article:modified_time\" content=\"2020-06-03T12:30:39+00:00\" \/>\n<meta name=\"twitter:card\" content=\"summary_large_image\" \/>\n<meta name=\"twitter:label1\" content=\"Predpokladan\u00fd \u010das \u010d\u00edtania\" \/>\n\t<meta name=\"twitter:data1\" content=\"1 min\u00fata\" \/>\n<script type=\"application\/ld+json\" class=\"yoast-schema-graph\">{\"@context\":\"https:\/\/schema.org\",\"@graph\":[{\"@type\":\"WebPage\",\"@id\":\"https:\/\/academy.evs.sk\/\",\"url\":\"https:\/\/academy.evs.sk\/\",\"name\":\"EVS Academy - EVS akad\u00e9mia\",\"isPartOf\":{\"@id\":\"https:\/\/academy.evs.sk\/#website\"},\"datePublished\":\"2018-11-19T18:50:38+00:00\",\"dateModified\":\"2020-06-03T12:30:39+00:00\",\"breadcrumb\":{\"@id\":\"https:\/\/academy.evs.sk\/#breadcrumb\"},\"inLanguage\":\"sk-SK\",\"potentialAction\":[{\"@type\":\"ReadAction\",\"target\":[\"https:\/\/academy.evs.sk\/\"]}]},{\"@type\":\"BreadcrumbList\",\"@id\":\"https:\/\/academy.evs.sk\/#breadcrumb\",\"itemListElement\":[{\"@type\":\"ListItem\",\"position\":1,\"name\":\"Home\",\"item\":\"https:\/\/academy.evs.sk\/\"},{\"@type\":\"ListItem\",\"position\":2,\"name\":\"EVS Academy\"}]},{\"@type\":\"WebSite\",\"@id\":\"https:\/\/academy.evs.sk\/#website\",\"url\":\"https:\/\/academy.evs.sk\/\",\"name\":\"EVS akad\u00e9mia\",\"description\":\"Len \u010fal\u0161ia WordPress str\u00e1nka\",\"publisher\":{\"@id\":\"https:\/\/academy.evs.sk\/#organization\"},\"potentialAction\":[{\"@type\":\"SearchAction\",\"target\":{\"@type\":\"EntryPoint\",\"urlTemplate\":\"https:\/\/academy.evs.sk\/?s={search_term_string}\"},\"query-input\":{\"@type\":\"PropertyValueSpecification\",\"valueRequired\":true,\"valueName\":\"search_term_string\"}}],\"inLanguage\":\"sk-SK\"},{\"@type\":\"Organization\",\"@id\":\"https:\/\/academy.evs.sk\/#organization\",\"name\":\"EVS akad\u00e9mia\",\"url\":\"https:\/\/academy.evs.sk\/\",\"logo\":{\"@type\":\"ImageObject\",\"inLanguage\":\"sk-SK\",\"@id\":\"https:\/\/academy.evs.sk\/#\/schema\/logo\/image\/\",\"url\":\"https:\/\/academy.evs.sk\/wp-content\/uploads\/2020\/05\/ACADEMY-evs-logo-01.png\",\"contentUrl\":\"https:\/\/academy.evs.sk\/wp-content\/uploads\/2020\/05\/ACADEMY-evs-logo-01.png\",\"width\":125,\"height\":19,\"caption\":\"EVS akad\u00e9mia\"},\"image\":{\"@id\":\"https:\/\/academy.evs.sk\/#\/schema\/logo\/image\/\"}}]}<\/script>\n<!-- \/ Yoast SEO plugin. -->","yoast_head_json":{"title":"EVS Academy - EVS akad\u00e9mia","robots":{"index":"index","follow":"follow","max-snippet":"max-snippet:-1","max-image-preview":"max-image-preview:large","max-video-preview":"max-video-preview:-1"},"canonical":"https:\/\/academy.evs.sk\/","og_locale":"sk_SK","og_type":"article","og_title":"EVS Academy - EVS akad\u00e9mia","og_url":"https:\/\/academy.evs.sk\/","og_site_name":"EVS akad\u00e9mia","article_modified_time":"2020-06-03T12:30:39+00:00","twitter_card":"summary_large_image","twitter_misc":{"Predpokladan\u00fd \u010das \u010d\u00edtania":"1 min\u00fata"},"schema":{"@context":"https:\/\/schema.org","@graph":[{"@type":"WebPage","@id":"https:\/\/academy.evs.sk\/","url":"https:\/\/academy.evs.sk\/","name":"EVS Academy - EVS akad\u00e9mia","isPartOf":{"@id":"https:\/\/academy.evs.sk\/#website"},"datePublished":"2018-11-19T18:50:38+00:00","dateModified":"2020-06-03T12:30:39+00:00","breadcrumb":{"@id":"https:\/\/academy.evs.sk\/#breadcrumb"},"inLanguage":"sk-SK","potentialAction":[{"@type":"ReadAction","target":["https:\/\/academy.evs.sk\/"]}]},{"@type":"BreadcrumbList","@id":"https:\/\/academy.evs.sk\/#breadcrumb","itemListElement":[{"@type":"ListItem","position":1,"name":"Home","item":"https:\/\/academy.evs.sk\/"},{"@type":"ListItem","position":2,"name":"EVS Academy"}]},{"@type":"WebSite","@id":"https:\/\/academy.evs.sk\/#website","url":"https:\/\/academy.evs.sk\/","name":"EVS akad\u00e9mia","description":"Len \u010fal\u0161ia WordPress str\u00e1nka","publisher":{"@id":"https:\/\/academy.evs.sk\/#organization"},"potentialAction":[{"@type":"SearchAction","target":{"@type":"EntryPoint","urlTemplate":"https:\/\/academy.evs.sk\/?s={search_term_string}"},"query-input":{"@type":"PropertyValueSpecification","valueRequired":true,"valueName":"search_term_string"}}],"inLanguage":"sk-SK"},{"@type":"Organization","@id":"https:\/\/academy.evs.sk\/#organization","name":"EVS akad\u00e9mia","url":"https:\/\/academy.evs.sk\/","logo":{"@type":"ImageObject","inLanguage":"sk-SK","@id":"https:\/\/academy.evs.sk\/#\/schema\/logo\/image\/","url":"https:\/\/academy.evs.sk\/wp-content\/uploads\/2020\/05\/ACADEMY-evs-logo-01.png","contentUrl":"https:\/\/academy.evs.sk\/wp-content\/uploads\/2020\/05\/ACADEMY-evs-logo-01.png","width":125,"height":19,"caption":"EVS akad\u00e9mia"},"image":{"@id":"https:\/\/academy.evs.sk\/#\/schema\/logo\/image\/"}}]}},"uagb_featured_image_src":{"full":false,"thumbnail":false,"medium":false,"medium_large":false,"large":false,"1536x1536":false,"2048x2048":false,"woocommerce_thumbnail":false,"woocommerce_single":false,"woocommerce_gallery_thumbnail":false},"uagb_author_info":{"display_name":"admin","author_link":"https:\/\/academy.evs.sk\/?author=1"},"uagb_comment_info":0,"uagb_excerpt":null,"_links":{"self":[{"href":"https:\/\/academy.evs.sk\/index.php?rest_route=\/wp\/v2\/pages\/17","targetHints":{"allow":["GET"]}}],"collection":[{"href":"https:\/\/academy.evs.sk\/index.php?rest_route=\/wp\/v2\/pages"}],"about":[{"href":"https:\/\/academy.evs.sk\/index.php?rest_route=\/wp\/v2\/types\/page"}],"author":[{"embeddable":true,"href":"https:\/\/academy.evs.sk\/index.php?rest_route=\/wp\/v2\/users\/1"}],"replies":[{"embeddable":true,"href":"https:\/\/academy.evs.sk\/index.php?rest_route=%2Fwp%2Fv2%2Fcomments&post=17"}],"version-history":[{"count":6,"href":"https:\/\/academy.evs.sk\/index.php?rest_route=\/wp\/v2\/pages\/17\/revisions"}],"predecessor-version":[{"id":25796,"href":"https:\/\/academy.evs.sk\/index.php?rest_route=\/wp\/v2\/pages\/17\/revisions\/25796"}],"wp:attachment":[{"href":"https:\/\/academy.evs.sk\/index.php?rest_route=%2Fwp%2Fv2%2Fmedia&parent=17"}],"curies":[{"name":"wp","href":"https:\/\/api.w.org\/{rel}","templated":true}]}}